{"id":174,"date":"2020-05-26T22:13:28","date_gmt":"2020-05-26T20:13:28","guid":{"rendered":"http:\/\/www.pastisseriaconde.cat\/wp\/?page_id=174"},"modified":"2021-02-26T15:08:19","modified_gmt":"2021-02-26T13:08:19","slug":"carpes","status":"publish","type":"page","link":"https:\/\/www.pastisseriaconde.cat\/wp\/carpes\/","title":{"rendered":"Carpes"},"content":{"rendered":"\n<p>Les carpes s\u00f3n de mida 4&#215;4 metres cadascuna. El seu muntatge \u00e9s molt r\u00e0pid i senzill, ja que en q\u00fcesti\u00f3 d\u2019un minut pot estar preparada. Existeix la possibilitat d\u2019adjuntar una carpa darrera una altra afegint un canel\u00f3 entre elles, que evita que hi penetri aigua en cas de pluja. Les mides poden ser de 4&#215;4, 4&#215;8, 4&#215;12, i aix\u00ed successivament sense l\u00edmit.<\/p>\n\n\n\n<div class=\"wp-block-image\"><figure class=\"alignleft size-large\"><img loading=\"lazy\" width=\"350\" height=\"262\" src=\"http:\/\/www.pastisseriaconde.cat\/wp\/wp-content\/uploads\/2020\/05\/carpa1.jpg\" alt=\"\" class=\"wp-image-175\" srcset=\"https:\/\/www.pastisseriaconde.cat\/wp\/wp-content\/uploads\/2020\/05\/carpa1.jpg 350w, https:\/\/www.pastisseriaconde.cat\/wp\/wp-content\/uploads\/2020\/05\/carpa1-300x225.jpg 300w\" sizes=\"(max-width: 350px) 100vw, 350px\" \/><\/figure><\/div>\n\n\n\n<p>Aptes per tipus de terrenys com la terra tova, gespa, sorra, on s\u2019adapten gr\u00e0cies a uns piquets enganxats a uns tensors, i d\u2019altres tipus de terrenys com s\u00f3n tamb\u00e9 l\u2019asfalt o subs\u00f2l dur, on es posen unes peanes de 30kg a cada pota.<\/p>\n\n\n\n<div class=\"wp-block-image\"><figure class=\"alignright size-large\"><img loading=\"lazy\" width=\"271\" height=\"156\" src=\"https:\/\/www.pastisseriaconde.cat\/wp\/wp-content\/uploads\/2020\/05\/Carpa3.png\" alt=\"\" class=\"wp-image-178\"\/><\/figure><\/div>\n\n\n\n<p>Es poden posar parets amb finestres perqu\u00e8 entri la llum natural, parets opaques perqu\u00e8 no es vegi el que passa en l\u2019interior, parets amb portes, aix\u00ed com es poden habilitar mostradors com a zona de bar, zona on situar neveres, rebost o de preparaci\u00f3 d\u2019aliments. Les carpes tamb\u00e9 poden anar il.luminades segons les necessitats.<\/p>\n\n\n\n<div class=\"wp-block-image\"><figure class=\"alignright size-large\"><img loading=\"lazy\" width=\"214\" height=\"120\" src=\"https:\/\/www.pastisseriaconde.cat\/wp\/wp-content\/uploads\/2020\/05\/Carpa4.png\" alt=\"\" class=\"wp-image-179\"\/><\/figure><\/div>\n\n\n\n<div class=\"wp-block-image\"><figure class=\"alignright size-large\"><img loading=\"lazy\" width=\"330\" height=\"227\" src=\"https:\/\/www.pastisseriaconde.cat\/wp\/wp-content\/uploads\/2020\/05\/Carpa2-1.png\" alt=\"\" class=\"wp-image-177\" srcset=\"https:\/\/www.pastisseriaconde.cat\/wp\/wp-content\/uploads\/2020\/05\/Carpa2-1.png 330w, https:\/\/www.pastisseriaconde.cat\/wp\/wp-content\/uploads\/2020\/05\/Carpa2-1-300x206.png 300w\" sizes=\"(max-width: 330px) 100vw, 330px\" \/><\/figure><\/div>\n\n\n\n<p>Tot i que aquestes carpes solen ser utilitzades pels nostres serveis de degustacions, tenim un servei de lloguer de les mateixes, per ocasions especials, sempre i quan la nostra empresa no necessiti de les seves prestacions.<\/p>\n","protected":false},"excerpt":{"rendered":"<p>Les carpes s\u00f3n de mida 4&#215;4 metres cadascuna. El seu muntatge \u00e9s molt r\u00e0pid i senzill, ja que en q\u00fcesti\u00f3 d\u2019un minut pot estar preparada. Existeix la possibilitat d\u2019adjuntar una &hellip;<\/p>\n","protected":false},"author":1,"featured_media":0,"parent":0,"menu_order":0,"comment_status":"closed","ping_status":"closed","template":"","meta":[],"_links":{"self":[{"href":"https:\/\/www.pastisseriaconde.cat\/wp\/wp-json\/wp\/v2\/pages\/174"}],"collection":[{"href":"https:\/\/www.pastisseriaconde.cat\/wp\/wp-json\/wp\/v2\/pages"}],"about":[{"href":"https:\/\/www.pastisseriaconde.cat\/wp\/wp-json\/wp\/v2\/types\/page"}],"author":[{"embeddable":true,"href":"https:\/\/www.pastisseriaconde.cat\/wp\/wp-json\/wp\/v2\/users\/1"}],"replies":[{"embeddable":true,"href":"https:\/\/www.pastisseriaconde.cat\/wp\/wp-json\/wp\/v2\/comments?post=174"}],"version-history":[{"count":6,"href":"https:\/\/www.pastisseriaconde.cat\/wp\/wp-json\/wp\/v2\/pages\/174\/revisions"}],"predecessor-version":[{"id":458,"href":"https:\/\/www.pastisseriaconde.cat\/wp\/wp-json\/wp\/v2\/pages\/174\/revisions\/458"}],"wp:attachment":[{"href":"https:\/\/www.pastisseriaconde.cat\/wp\/wp-json\/wp\/v2\/media?parent=174"}],"curies":[{"name":"wp","href":"https:\/\/api.w.org\/{rel}","templated":true}]}}